{"id":4171,"date":"2022-09-01T11:26:14","date_gmt":"2022-09-01T09:26:14","guid":{"rendered":"https:\/\/veplibikes.com\/le-nostre-missioni\/"},"modified":"2023-11-29T16:55:15","modified_gmt":"2023-11-29T15:55:15","slug":"le-nostre-missioni","status":"publish","type":"page","link":"https:\/\/veplibikes.com\/it\/le-nostre-missioni\/","title":{"rendered":"Le nostre missioni"},"content":{"rendered":"\t\t<div data-elementor-type=\"wp-page\" data-elementor-id=\"4171\" class=\"elementor elementor-4171 elementor-543\">\n\t\t\t\t\t\t<section class=\"elementor-section elementor-top-section elementor-element elementor-element-0016e79 elementor-section-height-min-height elementor-section-stretched elementor-section-boxed elementor-section-height-default elementor-section-items-middle\" data-id=\"0016e79\" data-element_type=\"section\" data-settings=\"{&quot;jet_parallax_layout_list&quot;:[],&quot;stretch_section&quot;:&quot;section-stretched&quot;,&quot;background_background&quot;:&quot;classic&quot;}\">\n\t\t\t\t\t\t<div class=\"elementor-container elementor-column-gap-default\">\n\t\t\t\t\t<div class=\"elementor-column elementor-col-100 elementor-top-column elementor-element elementor-element-27d4058\" data-id=\"27d4058\" data-element_type=\"column\">\n\t\t\t<div class=\"elementor-widget-wrap elementor-element-populated\">\n\t\t\t\t\t\t<div class=\"elementor-element elementor-element-072d2e4 elementor-widget-divider--view-line elementor-widget elementor-widget-divider\" data-id=\"072d2e4\" data-element_type=\"widget\" data-widget_type=\"divider.default\">\n\t\t\t\t<div class=\"elementor-widget-container\">\n\t\t\t\t\t<div class=\"elementor-divider\">\n\t\t\t<span class=\"elementor-divider-separator\">\n\t\t\t\t\t\t<\/span>\n\t\t<\/div>\n\t\t\t\t<\/div>\n\t\t\t\t<\/div>\n\t\t\t\t<div class=\"elementor-element elementor-element-7397b8a elementor-widget elementor-widget-heading\" data-id=\"7397b8a\" data-element_type=\"widget\" data-widget_type=\"heading.default\">\n\t\t\t\t<div class=\"elementor-widget-container\">\n\t\t\t<h1 class=\"elementor-heading-title elementor-size-default\">Le nostre missioni<\/h1>\t\t<\/div>\n\t\t\t\t<\/div>\n\t\t\t\t<div class=\"elementor-element elementor-element-8eba3ba elementor-widget elementor-widget-text-editor\" data-id=\"8eba3ba\" data-element_type=\"widget\" data-widget_type=\"text-editor.default\">\n\t\t\t\t<div class=\"elementor-widget-container\">\n\t\t\t\t\t\t\t<p>Alla VEPLI, prendiamo a cuore le nostre missioni<\/p>\n\t\t\t\t\t\t<\/div>\n\t\t\t\t<\/div>\n\t\t\t\t\t<\/div>\n\t\t<\/div>\n\t\t\t\t\t<\/div>\n\t\t<\/section>\n\t\t\t\t<section class=\"elementor-section elementor-top-section elementor-element elementor-element-3d69476 elementor-section-boxed elementor-section-height-default elementor-section-height-default\" data-id=\"3d69476\" data-element_type=\"section\" data-settings=\"{&quot;jet_parallax_layout_list&quot;:[]}\">\n\t\t\t\t\t\t<div class=\"elementor-container elementor-column-gap-default\">\n\t\t\t\t\t<div class=\"elementor-column elementor-col-100 elementor-top-column elementor-element elementor-element-de6e08d\" data-id=\"de6e08d\" data-element_type=\"column\">\n\t\t\t<div class=\"elementor-widget-wrap elementor-element-populated\">\n\t\t\t\t\t\t<div class=\"elementor-element elementor-element-cdcd014 elementor-widget elementor-widget-spacer\" data-id=\"cdcd014\" data-element_type=\"widget\" data-widget_type=\"spacer.default\">\n\t\t\t\t<div class=\"elementor-widget-container\">\n\t\t\t\t\t<div class=\"elementor-spacer\">\n\t\t\t<div class=\"elementor-spacer-inner\"><\/div>\n\t\t<\/div>\n\t\t\t\t<\/div>\n\t\t\t\t<\/div>\n\t\t\t\t\t<\/div>\n\t\t<\/div>\n\t\t\t\t\t<\/div>\n\t\t<\/section>\n\t\t\t\t<section class=\"elementor-section elementor-top-section elementor-element elementor-element-395c284 elementor-section-boxed elementor-section-height-default elementor-section-height-default\" data-id=\"395c284\" data-element_type=\"section\" data-settings=\"{&quot;jet_parallax_layout_list&quot;:[]}\">\n\t\t\t\t\t\t<div class=\"elementor-container elementor-column-gap-default\">\n\t\t\t\t\t<div class=\"elementor-column elementor-col-50 elementor-top-column elementor-element elementor-element-2732b1b\" data-id=\"2732b1b\" data-element_type=\"column\">\n\t\t\t<div class=\"elementor-widget-wrap elementor-element-populated\">\n\t\t\t\t\t\t<div class=\"elementor-element elementor-element-c590929 elementor-widget elementor-widget-image\" data-id=\"c590929\" data-element_type=\"widget\" data-widget_type=\"image.default\">\n\t\t\t\t<div class=\"elementor-widget-container\">\n\t\t\t\t\t\t\t\t\t\t\t\t\t<img fetchpriority=\"high\" decoding=\"async\" width=\"647\" height=\"818\" src=\"https:\/\/veplibikes.com\/wp-content\/uploads\/2022\/09\/IMG_4592.jpg\" class=\"attachment-large size-large wp-image-2802\" alt=\"\" srcset=\"https:\/\/veplibikes.com\/wp-content\/uploads\/2022\/09\/IMG_4592.jpg 647w, https:\/\/veplibikes.com\/wp-content\/uploads\/2022\/09\/IMG_4592-237x300.jpg 237w, https:\/\/veplibikes.com\/wp-content\/uploads\/2022\/09\/IMG_4592-600x759.jpg 600w\" sizes=\"(max-width: 647px) 100vw, 647px\" \/>\t\t\t\t\t\t\t\t\t\t\t\t\t<\/div>\n\t\t\t\t<\/div>\n\t\t\t\t<div class=\"elementor-element elementor-element-b6499a1 elementor-widget-divider--view-line elementor-widget elementor-widget-divider\" data-id=\"b6499a1\" data-element_type=\"widget\" data-widget_type=\"divider.default\">\n\t\t\t\t<div class=\"elementor-widget-container\">\n\t\t\t\t\t<div class=\"elementor-divider\">\n\t\t\t<span class=\"elementor-divider-separator\">\n\t\t\t\t\t\t<\/span>\n\t\t<\/div>\n\t\t\t\t<\/div>\n\t\t\t\t<\/div>\n\t\t\t\t<div class=\"elementor-element elementor-element-22dfd9c elementor-widget elementor-widget-heading\" data-id=\"22dfd9c\" data-element_type=\"widget\" data-widget_type=\"heading.default\">\n\t\t\t\t<div class=\"elementor-widget-container\">\n\t\t\t<h2 class=\"elementor-heading-title elementor-size-default\">UN SERVIZIO EFFICIENTE<\/h2>\t\t<\/div>\n\t\t\t\t<\/div>\n\t\t\t\t<div class=\"elementor-element elementor-element-b6d7d74 elementor-tablet-align-left elementor-mobile-align-center elementor-widget elementor-widget-button\" data-id=\"b6d7d74\" data-element_type=\"widget\" data-widget_type=\"button.default\">\n\t\t\t\t<div class=\"elementor-widget-container\">\n\t\t\t\t\t<div class=\"elementor-button-wrapper\">\n\t\t\t<a class=\"elementor-button elementor-button-link elementor-size-md\" href=\"https:\/\/veplibikes.com\/pedalons-ensemble\/\">\n\t\t\t\t\t\t<span class=\"elementor-button-content-wrapper\">\n\t\t\t\t\t\t<span class=\"elementor-button-icon\">\n\t\t\t\t<i aria-hidden=\"true\" class=\"far fa-arrow-alt-circle-right\"><\/i>\t\t\t<\/span>\n\t\t\t\t\t\t\t\t\t<span class=\"elementor-button-text\">Migliore comprensione<\/span>\n\t\t\t\t\t<\/span>\n\t\t\t\t\t<\/a>\n\t\t<\/div>\n\t\t\t\t<\/div>\n\t\t\t\t<\/div>\n\t\t\t\t<div class=\"elementor-element elementor-element-557120f elementor-widget elementor-widget-spacer\" data-id=\"557120f\" data-element_type=\"widget\" data-widget_type=\"spacer.default\">\n\t\t\t\t<div class=\"elementor-widget-container\">\n\t\t\t\t\t<div class=\"elementor-spacer\">\n\t\t\t<div class=\"elementor-spacer-inner\"><\/div>\n\t\t<\/div>\n\t\t\t\t<\/div>\n\t\t\t\t<\/div>\n\t\t\t\t\t<\/div>\n\t\t<\/div>\n\t\t\t\t<div class=\"elementor-column elementor-col-50 elementor-top-column elementor-element elementor-element-da6a0af\" data-id=\"da6a0af\" data-element_type=\"column\">\n\t\t\t<div class=\"elementor-widget-wrap elementor-element-populated\">\n\t\t\t\t\t\t<div class=\"elementor-element elementor-element-f9cce2c elementor-widget-divider--view-line elementor-widget elementor-widget-divider\" data-id=\"f9cce2c\" data-element_type=\"widget\" data-widget_type=\"divider.default\">\n\t\t\t\t<div class=\"elementor-widget-container\">\n\t\t\t\t\t<div class=\"elementor-divider\">\n\t\t\t<span class=\"elementor-divider-separator\">\n\t\t\t\t\t\t<\/span>\n\t\t<\/div>\n\t\t\t\t<\/div>\n\t\t\t\t<\/div>\n\t\t\t\t<div class=\"elementor-element elementor-element-737a643 elementor-widget elementor-widget-spacer\" data-id=\"737a643\" data-element_type=\"widget\" data-widget_type=\"spacer.default\">\n\t\t\t\t<div class=\"elementor-widget-container\">\n\t\t\t\t\t<div class=\"elementor-spacer\">\n\t\t\t<div class=\"elementor-spacer-inner\"><\/div>\n\t\t<\/div>\n\t\t\t\t<\/div>\n\t\t\t\t<\/div>\n\t\t\t\t<div class=\"elementor-element elementor-element-14816e9 elementor-widget elementor-widget-heading\" data-id=\"14816e9\" data-element_type=\"widget\" data-widget_type=\"heading.default\">\n\t\t\t\t<div class=\"elementor-widget-container\">\n\t\t\t<h2 class=\"elementor-heading-title elementor-size-default\">PROGETTAZIONE, SVILUPPO E QUALIT\u00c0<\/h2>\t\t<\/div>\n\t\t\t\t<\/div>\n\t\t\t\t<div class=\"elementor-element elementor-element-88a202a elementor-tablet-align-left elementor-mobile-align-center elementor-widget elementor-widget-button\" data-id=\"88a202a\" data-element_type=\"widget\" data-widget_type=\"button.default\">\n\t\t\t\t<div class=\"elementor-widget-container\">\n\t\t\t\t\t<div class=\"elementor-button-wrapper\">\n\t\t\t<a class=\"elementor-button elementor-button-link elementor-size-md\" href=\"https:\/\/veplibikes.com\/it\/progettazione-sviluppo-e-qualita\/\">\n\t\t\t\t\t\t<span class=\"elementor-button-content-wrapper\">\n\t\t\t\t\t\t<span class=\"elementor-button-icon\">\n\t\t\t\t<i aria-hidden=\"true\" class=\"far fa-arrow-alt-circle-right\"><\/i>\t\t\t<\/span>\n\t\t\t\t\t\t\t\t\t<span class=\"elementor-button-text\">Migliore comprensione<\/span>\n\t\t\t\t\t<\/span>\n\t\t\t\t\t<\/a>\n\t\t<\/div>\n\t\t\t\t<\/div>\n\t\t\t\t<\/div>\n\t\t\t\t<div class=\"elementor-element elementor-element-ea3392f elementor-widget elementor-widget-spacer\" data-id=\"ea3392f\" data-element_type=\"widget\" data-widget_type=\"spacer.default\">\n\t\t\t\t<div class=\"elementor-widget-container\">\n\t\t\t\t\t<div class=\"elementor-spacer\">\n\t\t\t<div class=\"elementor-spacer-inner\"><\/div>\n\t\t<\/div>\n\t\t\t\t<\/div>\n\t\t\t\t<\/div>\n\t\t\t\t<div class=\"elementor-element elementor-element-f5ee5ed elementor-widget elementor-widget-image\" data-id=\"f5ee5ed\" data-element_type=\"widget\" data-widget_type=\"image.default\">\n\t\t\t\t<div class=\"elementor-widget-container\">\n\t\t\t\t\t\t\t\t\t\t\t\t\t<img decoding=\"async\" src=\"https:\/\/veplibikes.com\/wp-content\/uploads\/elementor\/thumbs\/DSC00125-r0o4dw9sjfdjeue7233ughh3h51xtuayce0vokm0fo.jpg\" title=\"DSC00125\" alt=\"\" loading=\"lazy\" \/>\t\t\t\t\t\t\t\t\t\t\t\t\t<\/div>\n\t\t\t\t<\/div>\n\t\t\t\t\t<\/div>\n\t\t<\/div>\n\t\t\t\t\t<\/div>\n\t\t<\/section>\n\t\t\t\t<section class=\"elementor-section elementor-top-section elementor-element elementor-element-d54d4f0 elementor-section-boxed elementor-section-height-default elementor-section-height-default\" data-id=\"d54d4f0\" data-element_type=\"section\" data-settings=\"{&quot;jet_parallax_layout_list&quot;:[]}\">\n\t\t\t\t\t\t<div class=\"elementor-container elementor-column-gap-default\">\n\t\t\t\t\t<div class=\"elementor-column elementor-col-50 elementor-top-column elementor-element elementor-element-f082c77\" data-id=\"f082c77\" data-element_type=\"column\">\n\t\t\t<div class=\"elementor-widget-wrap elementor-element-populated\">\n\t\t\t\t\t\t<div class=\"elementor-element elementor-element-7c0f96b elementor-widget elementor-widget-image\" data-id=\"7c0f96b\" data-element_type=\"widget\" data-widget_type=\"image.default\">\n\t\t\t\t<div class=\"elementor-widget-container\">\n\t\t\t\t\t\t\t\t\t\t\t\t\t<img decoding=\"async\" width=\"647\" height=\"818\" src=\"https:\/\/veplibikes.com\/wp-content\/uploads\/2022\/09\/vivid-forest-2021-08-29-09-39-09-utc.jpg\" class=\"attachment-large size-large wp-image-2806\" alt=\"\" srcset=\"https:\/\/veplibikes.com\/wp-content\/uploads\/2022\/09\/vivid-forest-2021-08-29-09-39-09-utc.jpg 647w, https:\/\/veplibikes.com\/wp-content\/uploads\/2022\/09\/vivid-forest-2021-08-29-09-39-09-utc-237x300.jpg 237w, https:\/\/veplibikes.com\/wp-content\/uploads\/2022\/09\/vivid-forest-2021-08-29-09-39-09-utc-600x759.jpg 600w\" sizes=\"(max-width: 647px) 100vw, 647px\" \/>\t\t\t\t\t\t\t\t\t\t\t\t\t<\/div>\n\t\t\t\t<\/div>\n\t\t\t\t\t<\/div>\n\t\t<\/div>\n\t\t\t\t<div class=\"elementor-column elementor-col-50 elementor-top-column elementor-element elementor-element-1506bb3\" data-id=\"1506bb3\" data-element_type=\"column\">\n\t\t\t<div class=\"elementor-widget-wrap elementor-element-populated\">\n\t\t\t\t\t\t<div class=\"elementor-element elementor-element-ac130d1 elementor-widget elementor-widget-spacer\" data-id=\"ac130d1\" data-element_type=\"widget\" data-widget_type=\"spacer.default\">\n\t\t\t\t<div class=\"elementor-widget-container\">\n\t\t\t\t\t<div class=\"elementor-spacer\">\n\t\t\t<div class=\"elementor-spacer-inner\"><\/div>\n\t\t<\/div>\n\t\t\t\t<\/div>\n\t\t\t\t<\/div>\n\t\t\t\t<div class=\"elementor-element elementor-element-28726e8 elementor-widget-divider--view-line elementor-widget elementor-widget-divider\" data-id=\"28726e8\" data-element_type=\"widget\" data-widget_type=\"divider.default\">\n\t\t\t\t<div class=\"elementor-widget-container\">\n\t\t\t\t\t<div class=\"elementor-divider\">\n\t\t\t<span class=\"elementor-divider-separator\">\n\t\t\t\t\t\t<\/span>\n\t\t<\/div>\n\t\t\t\t<\/div>\n\t\t\t\t<\/div>\n\t\t\t\t<div class=\"elementor-element elementor-element-f65e9d9 elementor-widget elementor-widget-spacer\" data-id=\"f65e9d9\" data-element_type=\"widget\" data-widget_type=\"spacer.default\">\n\t\t\t\t<div class=\"elementor-widget-container\">\n\t\t\t\t\t<div class=\"elementor-spacer\">\n\t\t\t<div class=\"elementor-spacer-inner\"><\/div>\n\t\t<\/div>\n\t\t\t\t<\/div>\n\t\t\t\t<\/div>\n\t\t\t\t<div class=\"elementor-element elementor-element-7dbb214 elementor-widget elementor-widget-heading\" data-id=\"7dbb214\" data-element_type=\"widget\" data-widget_type=\"heading.default\">\n\t\t\t\t<div class=\"elementor-widget-container\">\n\t\t\t<h2 class=\"elementor-heading-title elementor-size-default\">IMPEGNI PER UN IMPATTO POSITIVO<\/h2>\t\t<\/div>\n\t\t\t\t<\/div>\n\t\t\t\t<div class=\"elementor-element elementor-element-151adc0 elementor-widget elementor-widget-spacer\" data-id=\"151adc0\" data-element_type=\"widget\" data-widget_type=\"spacer.default\">\n\t\t\t\t<div class=\"elementor-widget-container\">\n\t\t\t\t\t<div class=\"elementor-spacer\">\n\t\t\t<div class=\"elementor-spacer-inner\"><\/div>\n\t\t<\/div>\n\t\t\t\t<\/div>\n\t\t\t\t<\/div>\n\t\t\t\t<div class=\"elementor-element elementor-element-6b1fb9c elementor-tablet-align-left elementor-mobile-align-center elementor-widget elementor-widget-button\" data-id=\"6b1fb9c\" data-element_type=\"widget\" data-widget_type=\"button.default\">\n\t\t\t\t<div class=\"elementor-widget-container\">\n\t\t\t\t\t<div class=\"elementor-button-wrapper\">\n\t\t\t<a class=\"elementor-button elementor-button-link elementor-size-md\" href=\"https:\/\/veplibikes.com\/it\/impegnati-ad-avere-un-impatto-positivo\/\">\n\t\t\t\t\t\t<span class=\"elementor-button-content-wrapper\">\n\t\t\t\t\t\t<span class=\"elementor-button-icon\">\n\t\t\t\t<i aria-hidden=\"true\" class=\"far fa-arrow-alt-circle-right\"><\/i>\t\t\t<\/span>\n\t\t\t\t\t\t\t\t\t<span class=\"elementor-button-text\">Migliore comprensione<\/span>\n\t\t\t\t\t<\/span>\n\t\t\t\t\t<\/a>\n\t\t<\/div>\n\t\t\t\t<\/div>\n\t\t\t\t<\/div>\n\t\t\t\t\t<\/div>\n\t\t<\/div>\n\t\t\t\t\t<\/div>\n\t\t<\/section>\n\t\t\t\t<\/div>\n\t\t","protected":false},"excerpt":{"rendered":"<p>Le nostre missioni Alla VEPLI, prendiamo a cuore le nostre missioni UN SERVIZIO EFFICIENTE Migliore comprensione PROGETTAZIONE, SVILUPPO E QUALIT\u00c0 Migliore comprensione IMPEGNI PER UN IMPATTO POSITIVO Migliore comprensione<\/p>\n","protected":false},"author":3,"featured_media":0,"parent":0,"menu_order":0,"comment_status":"closed","ping_status":"closed","template":"","meta":{"footnotes":""},"class_list":["post-4171","page","type-page","status-publish","hentry"],"yoast_head":"<!-- This site is optimized with the Yoast SEO plugin v27.2 - https:\/\/yoast.com\/product\/yoast-seo-wordpress\/ -->\n<title>Le nostre missioni - VepliBike<\/title>\n<meta name=\"robots\" content=\"index, follow, max-snippet:-1, max-image-preview:large, max-video-preview:-1\" \/>\n<link rel=\"canonical\" href=\"https:\/\/veplibikes.com\/nos-missions\/\" \/>\n<meta property=\"og:locale\" content=\"it_IT\" \/>\n<meta property=\"og:type\" content=\"article\" \/>\n<meta property=\"og:title\" content=\"Le nostre missioni - VepliBike\" \/>\n<meta property=\"og:description\" content=\"Le nostre missioni Alla VEPLI, prendiamo a cuore le nostre missioni UN SERVIZIO EFFICIENTE Migliore comprensione PROGETTAZIONE, SVILUPPO E QUALIT\u00c0 Migliore comprensione IMPEGNI PER UN IMPATTO POSITIVO Migliore comprensione\" \/>\n<meta property=\"og:url\" content=\"https:\/\/veplibikes.com\/nos-missions\/\" \/>\n<meta property=\"og:site_name\" content=\"VepliBike\" \/>\n<meta property=\"article:modified_time\" content=\"2023-11-29T15:55:15+00:00\" \/>\n<meta property=\"og:image\" content=\"https:\/\/veplibikes.com\/wp-content\/uploads\/2022\/09\/IMG_4592.jpg\" \/>\n<meta name=\"twitter:card\" content=\"summary_large_image\" \/>\n<script type=\"application\/ld+json\" class=\"yoast-schema-graph\">{\"@context\":\"https:\/\/schema.org\",\"@graph\":[{\"@type\":\"WebPage\",\"@id\":\"https:\/\/veplibikes.com\/nos-missions\/\",\"url\":\"https:\/\/veplibikes.com\/nos-missions\/\",\"name\":\"Le nostre missioni - VepliBike\",\"isPartOf\":{\"@id\":\"https:\/\/veplibikes.com\/#website\"},\"primaryImageOfPage\":{\"@id\":\"https:\/\/veplibikes.com\/nos-missions\/#primaryimage\"},\"image\":{\"@id\":\"https:\/\/veplibikes.com\/nos-missions\/#primaryimage\"},\"thumbnailUrl\":\"https:\/\/veplibikes.com\/wp-content\/uploads\/2022\/09\/IMG_4592.jpg\",\"datePublished\":\"2022-09-01T09:26:14+00:00\",\"dateModified\":\"2023-11-29T15:55:15+00:00\",\"breadcrumb\":{\"@id\":\"https:\/\/veplibikes.com\/nos-missions\/#breadcrumb\"},\"inLanguage\":\"it-IT\",\"potentialAction\":[{\"@type\":\"ReadAction\",\"target\":[\"https:\/\/veplibikes.com\/nos-missions\/\"]}]},{\"@type\":\"ImageObject\",\"inLanguage\":\"it-IT\",\"@id\":\"https:\/\/veplibikes.com\/nos-missions\/#primaryimage\",\"url\":\"https:\/\/veplibikes.com\/wp-content\/uploads\/2022\/09\/IMG_4592.jpg\",\"contentUrl\":\"https:\/\/veplibikes.com\/wp-content\/uploads\/2022\/09\/IMG_4592.jpg\"},{\"@type\":\"BreadcrumbList\",\"@id\":\"https:\/\/veplibikes.com\/nos-missions\/#breadcrumb\",\"itemListElement\":[{\"@type\":\"ListItem\",\"position\":1,\"name\":\"Accueil\",\"item\":\"https:\/\/veplibikes.com\/it\/home\/\"},{\"@type\":\"ListItem\",\"position\":2,\"name\":\"Le nostre missioni\"}]},{\"@type\":\"WebSite\",\"@id\":\"https:\/\/veplibikes.com\/#website\",\"url\":\"https:\/\/veplibikes.com\/\",\"name\":\"VepliBike\",\"description\":\"VEPLI, v\u00e9los \u00e0 assistance \u00e9lectrique pliants et compacts\",\"potentialAction\":[{\"@type\":\"SearchAction\",\"target\":{\"@type\":\"EntryPoint\",\"urlTemplate\":\"https:\/\/veplibikes.com\/?s={search_term_string}\"},\"query-input\":{\"@type\":\"PropertyValueSpecification\",\"valueRequired\":true,\"valueName\":\"search_term_string\"}}],\"inLanguage\":\"it-IT\"}]}<\/script>\n<!-- \/ Yoast SEO plugin. -->","yoast_head_json":{"title":"Le nostre missioni - VepliBike","robots":{"index":"index","follow":"follow","max-snippet":"max-snippet:-1","max-image-preview":"max-image-preview:large","max-video-preview":"max-video-preview:-1"},"canonical":"https:\/\/veplibikes.com\/nos-missions\/","og_locale":"it_IT","og_type":"article","og_title":"Le nostre missioni - VepliBike","og_description":"Le nostre missioni Alla VEPLI, prendiamo a cuore le nostre missioni UN SERVIZIO EFFICIENTE Migliore comprensione PROGETTAZIONE, SVILUPPO E QUALIT\u00c0 Migliore comprensione IMPEGNI PER UN IMPATTO POSITIVO Migliore comprensione","og_url":"https:\/\/veplibikes.com\/nos-missions\/","og_site_name":"VepliBike","article_modified_time":"2023-11-29T15:55:15+00:00","og_image":[{"url":"https:\/\/veplibikes.com\/wp-content\/uploads\/2022\/09\/IMG_4592.jpg","type":"","width":"","height":""}],"twitter_card":"summary_large_image","schema":{"@context":"https:\/\/schema.org","@graph":[{"@type":"WebPage","@id":"https:\/\/veplibikes.com\/nos-missions\/","url":"https:\/\/veplibikes.com\/nos-missions\/","name":"Le nostre missioni - VepliBike","isPartOf":{"@id":"https:\/\/veplibikes.com\/#website"},"primaryImageOfPage":{"@id":"https:\/\/veplibikes.com\/nos-missions\/#primaryimage"},"image":{"@id":"https:\/\/veplibikes.com\/nos-missions\/#primaryimage"},"thumbnailUrl":"https:\/\/veplibikes.com\/wp-content\/uploads\/2022\/09\/IMG_4592.jpg","datePublished":"2022-09-01T09:26:14+00:00","dateModified":"2023-11-29T15:55:15+00:00","breadcrumb":{"@id":"https:\/\/veplibikes.com\/nos-missions\/#breadcrumb"},"inLanguage":"it-IT","potentialAction":[{"@type":"ReadAction","target":["https:\/\/veplibikes.com\/nos-missions\/"]}]},{"@type":"ImageObject","inLanguage":"it-IT","@id":"https:\/\/veplibikes.com\/nos-missions\/#primaryimage","url":"https:\/\/veplibikes.com\/wp-content\/uploads\/2022\/09\/IMG_4592.jpg","contentUrl":"https:\/\/veplibikes.com\/wp-content\/uploads\/2022\/09\/IMG_4592.jpg"},{"@type":"BreadcrumbList","@id":"https:\/\/veplibikes.com\/nos-missions\/#breadcrumb","itemListElement":[{"@type":"ListItem","position":1,"name":"Accueil","item":"https:\/\/veplibikes.com\/it\/home\/"},{"@type":"ListItem","position":2,"name":"Le nostre missioni"}]},{"@type":"WebSite","@id":"https:\/\/veplibikes.com\/#website","url":"https:\/\/veplibikes.com\/","name":"VepliBike","description":"VEPLI, v\u00e9los \u00e0 assistance \u00e9lectrique pliants et compacts","potentialAction":[{"@type":"SearchAction","target":{"@type":"EntryPoint","urlTemplate":"https:\/\/veplibikes.com\/?s={search_term_string}"},"query-input":{"@type":"PropertyValueSpecification","valueRequired":true,"valueName":"search_term_string"}}],"inLanguage":"it-IT"}]}},"_links":{"self":[{"href":"https:\/\/veplibikes.com\/it\/wp-json\/wp\/v2\/pages\/4171","targetHints":{"allow":["GET"]}}],"collection":[{"href":"https:\/\/veplibikes.com\/it\/wp-json\/wp\/v2\/pages"}],"about":[{"href":"https:\/\/veplibikes.com\/it\/wp-json\/wp\/v2\/types\/page"}],"author":[{"embeddable":true,"href":"https:\/\/veplibikes.com\/it\/wp-json\/wp\/v2\/users\/3"}],"replies":[{"embeddable":true,"href":"https:\/\/veplibikes.com\/it\/wp-json\/wp\/v2\/comments?post=4171"}],"version-history":[{"count":3,"href":"https:\/\/veplibikes.com\/it\/wp-json\/wp\/v2\/pages\/4171\/revisions"}],"predecessor-version":[{"id":4347,"href":"https:\/\/veplibikes.com\/it\/wp-json\/wp\/v2\/pages\/4171\/revisions\/4347"}],"wp:attachment":[{"href":"https:\/\/veplibikes.com\/it\/wp-json\/wp\/v2\/media?parent=4171"}],"curies":[{"name":"wp","href":"https:\/\/api.w.org\/{rel}","templated":true}]}}