{"id":4157,"date":"2022-09-22T16:33:11","date_gmt":"2022-09-22T14:33:11","guid":{"rendered":"https:\/\/veplibikes.com\/accesso-pro\/"},"modified":"2024-01-31T09:57:50","modified_gmt":"2024-01-31T08:57:50","slug":"accesso-pro","status":"publish","type":"page","link":"https:\/\/veplibikes.com\/it\/accesso-pro\/","title":{"rendered":"Accesso pro"},"content":{"rendered":"","protected":true},"excerpt":{"rendered":"","protected":true},"author":3,"featured_media":0,"parent":0,"menu_order":0,"comment_status":"closed","ping_status":"closed","template":"","meta":{"footnotes":""},"class_list":["post-4157","page","type-page","status-publish","post-password-required","hentry"],"yoast_head":"<!-- This site is optimized with the Yoast SEO plugin v27.2 - https:\/\/yoast.com\/product\/yoast-seo-wordpress\/ -->\n<title>Accesso pro - VepliBike<\/title>\n<meta name=\"robots\" content=\"index, follow, max-snippet:-1, max-image-preview:large, max-video-preview:-1\" \/>\n<link rel=\"canonical\" href=\"https:\/\/veplibikes.com\/it\/accesso-pro\/\" \/>\n<meta property=\"og:locale\" content=\"it_IT\" \/>\n<meta property=\"og:type\" content=\"article\" \/>\n<meta property=\"og:title\" content=\"Accesso pro - VepliBike\" \/>\n<meta property=\"og:description\" content=\"Non \u00e8 disponibile alcun riassunto in quanto si tratta di un articolo protetto.\" \/>\n<meta property=\"og:url\" content=\"https:\/\/veplibikes.com\/it\/accesso-pro\/\" \/>\n<meta property=\"og:site_name\" content=\"VepliBike\" \/>\n<meta property=\"article:modified_time\" content=\"2024-01-31T08:57:50+00:00\" \/>\n<meta name=\"twitter:card\" content=\"summary_large_image\" \/>\n<script type=\"application\/ld+json\" class=\"yoast-schema-graph\">{\"@context\":\"https:\/\/schema.org\",\"@graph\":[{\"@type\":\"WebPage\",\"@id\":\"https:\/\/veplibikes.com\/it\/accesso-pro\/\",\"url\":\"https:\/\/veplibikes.com\/it\/accesso-pro\/\",\"name\":\"Accesso pro - VepliBike\",\"isPartOf\":{\"@id\":\"https:\/\/veplibikes.com\/#website\"},\"datePublished\":\"2022-09-22T14:33:11+00:00\",\"dateModified\":\"2024-01-31T08:57:50+00:00\",\"breadcrumb\":{\"@id\":\"https:\/\/veplibikes.com\/it\/accesso-pro\/#breadcrumb\"},\"inLanguage\":\"it-IT\"},{\"@type\":\"WebSite\",\"@id\":\"https:\/\/veplibikes.com\/#website\",\"url\":\"https:\/\/veplibikes.com\/\",\"name\":\"VepliBike\",\"description\":\"VEPLI, v\u00e9los \u00e0 assistance \u00e9lectrique pliants et compacts\",\"potentialAction\":[{\"@type\":\"SearchAction\",\"target\":{\"@type\":\"EntryPoint\",\"urlTemplate\":\"https:\/\/veplibikes.com\/?s={search_term_string}\"},\"query-input\":{\"@type\":\"PropertyValueSpecification\",\"valueRequired\":true,\"valueName\":\"search_term_string\"}}],\"inLanguage\":\"it-IT\"}]}<\/script>\n<!-- \/ Yoast SEO plugin. -->","yoast_head_json":{"title":"Accesso pro - VepliBike","robots":{"index":"index","follow":"follow","max-snippet":"max-snippet:-1","max-image-preview":"max-image-preview:large","max-video-preview":"max-video-preview:-1"},"canonical":"https:\/\/veplibikes.com\/it\/accesso-pro\/","og_locale":"it_IT","og_type":"article","og_title":"Accesso pro - VepliBike","og_description":"Non \u00e8 disponibile alcun riassunto in quanto si tratta di un articolo protetto.","og_url":"https:\/\/veplibikes.com\/it\/accesso-pro\/","og_site_name":"VepliBike","article_modified_time":"2024-01-31T08:57:50+00:00","twitter_card":"summary_large_image","schema":{"@context":"https:\/\/schema.org","@graph":[{"@type":"WebPage","@id":"https:\/\/veplibikes.com\/it\/accesso-pro\/","url":"https:\/\/veplibikes.com\/it\/accesso-pro\/","name":"Accesso pro - VepliBike","isPartOf":{"@id":"https:\/\/veplibikes.com\/#website"},"datePublished":"2022-09-22T14:33:11+00:00","dateModified":"2024-01-31T08:57:50+00:00","breadcrumb":{"@id":"https:\/\/veplibikes.com\/it\/accesso-pro\/#breadcrumb"},"inLanguage":"it-IT"},{"@type":"WebSite","@id":"https:\/\/veplibikes.com\/#website","url":"https:\/\/veplibikes.com\/","name":"VepliBike","description":"VEPLI, v\u00e9los \u00e0 assistance \u00e9lectrique pliants et compacts","potentialAction":[{"@type":"SearchAction","target":{"@type":"EntryPoint","urlTemplate":"https:\/\/veplibikes.com\/?s={search_term_string}"},"query-input":{"@type":"PropertyValueSpecification","valueRequired":true,"valueName":"search_term_string"}}],"inLanguage":"it-IT"}]}},"_links":{"self":[{"href":"https:\/\/veplibikes.com\/it\/wp-json\/wp\/v2\/pages\/4157","targetHints":{"allow":["GET"]}}],"collection":[{"href":"https:\/\/veplibikes.com\/it\/wp-json\/wp\/v2\/pages"}],"about":[{"href":"https:\/\/veplibikes.com\/it\/wp-json\/wp\/v2\/types\/page"}],"author":[{"embeddable":true,"href":"https:\/\/veplibikes.com\/it\/wp-json\/wp\/v2\/users\/3"}],"replies":[{"embeddable":true,"href":"https:\/\/veplibikes.com\/it\/wp-json\/wp\/v2\/comments?post=4157"}],"version-history":[{"count":2,"href":"https:\/\/veplibikes.com\/it\/wp-json\/wp\/v2\/pages\/4157\/revisions"}],"predecessor-version":[{"id":4765,"href":"https:\/\/veplibikes.com\/it\/wp-json\/wp\/v2\/pages\/4157\/revisions\/4765"}],"wp:attachment":[{"href":"https:\/\/veplibikes.com\/it\/wp-json\/wp\/v2\/media?parent=4157"}],"curies":[{"name":"wp","href":"https:\/\/api.w.org\/{rel}","templated":true}]}}